{"id":18813,"date":"2017-11-08T05:30:04","date_gmt":"2017-11-08T05:30:04","guid":{"rendered":"https:\/\/pofo.themezaa.com\/?page_id=18813"},"modified":"2021-09-02T10:23:48","modified_gmt":"2021-09-02T15:23:48","slug":"term-and-condition","status":"publish","type":"page","link":"https:\/\/circle.destinationsbymelia.com\/es\/term-and-condition\/","title":{"rendered":"Term and condition"},"content":{"rendered":"<p><section class=\"vc_row wpb_row vc_row-fluid  vc_custom_1510650874291 wow none pofo-row-responsive-69e22314bf893\"><div class=\"wpb_column vc_column_container vc_col-sm-12  col-xs-mobile-fullwidth\"><div class=\"vc_column-inner \"><div class=\"wpb_wrapper\"><div class=\"last-paragraph-no-margin\"><p><em><strong>\u00daltima actualizaci\u00f3n: 1 de septiembre de 2021<\/strong><\/em><\/p>\n<p>Lea estos T\u00e9rminos de uso detenidamente antes de utilizar el sitio web <span style=\"color: #262626;\"><a style=\"color: #262626;\" href=\"https:\/\/circle.destinationsbymelia.com\"><em>destinationsbymelia.com<\/em><\/a><\/span> operado por Destinations by Meli\u00e1.<\/p>\n<p>Su acceso y uso del Servicio est\u00e1 condicionado a su aceptaci\u00f3n y cumplimiento de estos T\u00e9rminos. Estos T\u00e9rminos se aplican a todos los visitantes, usuarios y otras personas que acceden o utilizan el Servicio.<\/p>\n<p>Al acceder o utilizar el Servicio, acepta estar sujeto a estos T\u00e9rminos. Si no est\u00e1 de acuerdo con alguna parte de los t\u00e9rminos, no podr\u00e1 acceder al Servicio.<\/p>\n<h2>Cuentas<\/h2>\n<p>Cuando crea una cuenta con nosotros, debe proporcionarnos informaci\u00f3n precisa, completa y actualizada en todo momento. El no hacerlo constituye un incumplimiento de los T\u00e9rminos, lo que puede resultar en la cancelaci\u00f3n inmediata de su cuenta en nuestro Servicio.<\/p>\n<p>Usted es responsable de proteger la contrase\u00f1a que usa para acceder al Servicio y de cualquier actividad o acci\u00f3n bajo su contrase\u00f1a, ya sea que su contrase\u00f1a sea de nuestro Servicio o de un servicio de terceros.<\/p>\n<p>Acepta no revelar su contrase\u00f1a a ning\u00fan tercero. Debe notificarnos de inmediato cuando tenga conocimiento de cualquier violaci\u00f3n de seguridad o uso no autorizado de su cuenta.<\/p>\n<h2>Propiedad intelectual<\/h2>\n<p>El Servicio y su contenido original, caracter\u00edsticas y funcionalidad son y seguir\u00e1n siendo propiedad exclusiva de Destinations by Meli\u00e1 y sus licencias.<\/p>\n<h2>Enlaces a otros sitios web<\/h2>\n<p>Nuestro Servicio puede contener enlaces a sitios web o servicios de terceros que no son propiedad ni est\u00e1n controlados por Destinations by Meli\u00e1.<\/p>\n<p>Destinations by Meli\u00e1 no tiene control ni asume responsabilidad por el contenido, las pol\u00edticas de privacidad o las pr\u00e1cticas de los sitios web o servicios de terceros. Adem\u00e1s, reconoce y acepta que Destinations by Meli\u00e1 no ser\u00e1 responsable, directa o indirectamente, de ning\u00fan da\u00f1o o p\u00e9rdida causados \u200b\u200bo presuntamente causados \u200b\u200bpor o en conexi\u00f3n con el uso o la confianza en dichos contenidos, bienes o servicios disponibles en o a trav\u00e9s de dichos sitios web o servicios.<\/p>\n<p>Le recomendamos que lea los t\u00e9rminos y condiciones y las pol\u00edticas de privacidad de cualquier sitio web o servicio de terceros que visite.<\/p>\n<h2>Terminaci\u00f3n<\/h2>\n<p>Podemos cancelar o suspender su cuenta de inmediato, sin previo aviso ni responsabilidad, por cualquier motivo, incluido, entre otros, incumplimiento de los T\u00e9rminos.<\/p>\n<p>Tras la rescisi\u00f3n, su derecho a utilizar el Servicio cesar\u00e1 inmediatamente. Si desea cancelar su cuenta, simplemente puede dejar de usar el Servicio.<\/p>\n<p>Todas las disposiciones de los T\u00e9rminos que por su naturaleza deber\u00edan sobrevivir a la terminaci\u00f3n sobrevivir\u00e1n a la terminaci\u00f3n, incluidas, entre otras, las disposiciones de propiedad, las renuncias de garant\u00eda, la indemnizaci\u00f3n y las limitaciones de responsabilidad.<\/p>\n<h2>Renuncia de responsabilidad<\/h2>\n<p>Su uso del Servicio es bajo su propio riesgo. El Servicio se proporciona \u00abTAL CUAL\u00bb y \u00abSEG\u00daN DISPONIBILIDAD\u00bb. El Servicio se proporciona sin garant\u00edas de ning\u00fan tipo, ya sean expresas o impl\u00edcitas, incluidas, entre otras, las garant\u00edas impl\u00edcitas de comerciabilidad, idoneidad para un prop\u00f3sito particular, ni infracci\u00f3n o curso de desempe\u00f1o.<\/p>\n<h2>Ley que rige<\/h2>\n<p>Estos T\u00e9rminos se regir\u00e1n e interpretar\u00e1n de acuerdo con las leyes de M\u00e9xico sin tener en cuenta sus disposiciones sobre conflictos de leyes.<\/p>\n<p>El hecho de que no hagamos cumplir cualquier derecho o disposici\u00f3n de estos T\u00e9rminos no se considerar\u00e1 una renuncia a esos derechos. Si alguna disposici\u00f3n de estos T\u00e9rminos se considera inv\u00e1lida o inaplicable por un tribunal, las disposiciones restantes de estos T\u00e9rminos permanecer\u00e1n en vigor. Estos T\u00e9rminos constituyen el acuerdo completo entre nosotros con respecto a nuestro Servicio, y reemplazan cualquier acuerdo anterior que podamos tener entre nosotros con respecto al Servicio.<\/p>\n<h2>Cambios<\/h2>\n<p>Nos reservamos el derecho, a nuestro exclusivo criterio, de modificar o reemplazar estos T\u00e9rminos en cualquier momento. Si una revisi\u00f3n es importante, intentaremos proporcionar un aviso de al menos 30 d\u00edas antes de que entren en vigencia los nuevos t\u00e9rminos. Lo que constituye un cambio material se determinar\u00e1 a nuestro exclusivo criterio.<\/p>\n<p>Al continuar accediendo o utilizando nuestro Servicio despu\u00e9s de que esas revisiones entren en vigencia, usted acepta estar sujeto a los t\u00e9rminos revisados. Si no est\u00e1 de acuerdo con los nuevos t\u00e9rminos, deje de usar el Servicio.<\/p>\n<h2>Contacta con nosotros<\/h2>\n<p>Si tiene alguna pregunta sobre estos T\u00e9rminos, comun\u00edquese con nosotros.<\/p>\n<\/div><\/div><\/div><\/div><\/section><\/p>","protected":false},"excerpt":{"rendered":"\u00daltima actualizaci\u00f3n: 1 de septiembre de 2021 Lea estos T\u00e9rminos de uso detenidamente antes de utilizar el sitio web destinationsbymelia.com operado por Destinations by Meli\u00e1. Su acceso y uso del Servicio est\u00e1 condicionado a su aceptaci\u00f3n y cumplimiento de estos T\u00e9rminos. Estos T\u00e9rminos se aplican a todos los visitantes, usuarios y otras personas que acceden o utilizan el Servicio. Al acceder o utilizar el Servicio, acepta estar sujeto a estos T\u00e9rminos. Si no est\u00e1 de acuerdo con alguna parte de los t\u00e9rminos, no podr\u00e1 acceder al Servicio. Cuentas Cuando crea una cuenta con nosotros, debe proporcionarnos informaci\u00f3n precisa, completa y actualizada en todo momento. El no hacerlo constituye un incumplimiento de los T\u00e9rminos, lo que puede resultar en la cancelaci\u00f3n inmediata de su cuenta en nuestro Servicio. Usted es responsable de proteger la contrase\u00f1a que usa para acceder al Servicio y de cualquier actividad o acci\u00f3n bajo su contrase\u00f1a, ya sea que su contrase\u00f1a sea de nuestro Servicio o de un servicio de terceros. Acepta no revelar su contrase\u00f1a a ning\u00fan tercero. Debe notificarnos de inmediato cuando tenga conocimiento de cualquier violaci\u00f3n de seguridad o uso no autorizado de su cuenta. Propiedad intelectual El Servicio y su contenido original, caracter\u00edsticas...","protected":false},"author":1,"featured_media":0,"parent":0,"menu_order":0,"comment_status":"closed","ping_status":"closed","template":"","meta":{"footnotes":""},"class_list":["post-18813","page","type-page","status-publish","hentry"],"_links":{"self":[{"href":"https:\/\/circle.destinationsbymelia.com\/es\/wp-json\/wp\/v2\/pages\/18813","targetHints":{"allow":["GET"]}}],"collection":[{"href":"https:\/\/circle.destinationsbymelia.com\/es\/wp-json\/wp\/v2\/pages"}],"about":[{"href":"https:\/\/circle.destinationsbymelia.com\/es\/wp-json\/wp\/v2\/types\/page"}],"author":[{"embeddable":true,"href":"https:\/\/circle.destinationsbymelia.com\/es\/wp-json\/wp\/v2\/users\/1"}],"replies":[{"embeddable":true,"href":"https:\/\/circle.destinationsbymelia.com\/es\/wp-json\/wp\/v2\/comments?post=18813"}],"version-history":[{"count":5,"href":"https:\/\/circle.destinationsbymelia.com\/es\/wp-json\/wp\/v2\/pages\/18813\/revisions"}],"predecessor-version":[{"id":22983,"href":"https:\/\/circle.destinationsbymelia.com\/es\/wp-json\/wp\/v2\/pages\/18813\/revisions\/22983"}],"wp:attachment":[{"href":"https:\/\/circle.destinationsbymelia.com\/es\/wp-json\/wp\/v2\/media?parent=18813"}],"curies":[{"name":"wp","href":"https:\/\/api.w.org\/{rel}","templated":true}]}}