{"id":22475,"date":"2021-08-23T20:21:04","date_gmt":"2021-08-24T01:21:04","guid":{"rendered":"https:\/\/circle.destinationsbymelia.com\/?page_id=22475"},"modified":"2022-05-26T16:02:52","modified_gmt":"2022-05-26T21:02:52","slug":"destination-contact","status":"publish","type":"page","link":"https:\/\/circle.destinationsbymelia.com\/es\/destination-contact\/","title":{"rendered":"Destinations Contacto"},"content":{"rendered":"<p><section data-vc-full-width=\"true\" data-vc-full-width-init=\"false\" data-parallax-background-ratio=\"0.5\" class=\"vc_row wpb_row vc_row-fluid big-section vc_custom_1629816256131 wow fadeIn vc_row-has-fill pofo-stretch-content pofo-stretch-row-container parallax pofo-row-responsive-69e21c713e50a\"><div class=\"wpb_column vc_column_container vc_col-md-2 vc_hidden-sm col-xs-mobile-fullwidth\"><div class=\"vc_column-inner \"><div class=\"wpb_wrapper\"><\/div><\/div><\/div><div class=\"wpb_column vc_column_container vc_col-sm-12 vc_col-md-8 vc_col-xs-12 text-center\"><div class=\"vc_column-inner \"><div class=\"wpb_wrapper\">[vc_empty_space height=\u00bb90px\u00bb]<h5 class=\"text-extra-dark-gray margin-20px-bottom font-weight-600 display-inline-block alt-font text-uppercase heading-style2  heading-3\"  style=\"font-weight: 700;\">Servicios al Socio<\/h5><div class=\" vc_custom_1629927213453 last-paragraph-no-margin pofo-text-block-responsive-69e21c713e5e7\" style=\"width: 100%;\"><div>En Destinations by Meli\u00e1, estamos comprometidos a brindarte el mejor servicio y asistencia. Nuestros asesores de viaje responder\u00e1n todas tus preguntas y solicitudes relacionadas al programa y la membres\u00eda, y te asistir\u00e1n en el uso de tus beneficios de viaje durante la vigencia de la membres\u00eda.<\/div>\n<\/div><\/div><\/div><\/div><div class=\"wpb_column vc_column_container vc_col-md-2 vc_hidden-sm col-xs-mobile-fullwidth\"><div class=\"vc_column-inner \"><div class=\"wpb_wrapper\"><\/div><\/div><\/div><\/section><div class=\"vc_row-full-width vc_clearfix\"><\/div><section data-vc-full-width=\"true\" data-vc-full-width-init=\"false\" class=\"vc_row wpb_row vc_row-fluid  vc_custom_1636568759413 pofo-stretch-content pofo-stretch-row-container\"><div class=\"wpb_column vc_column_container  col-xs-mobile-fullwidth\"><div class=\"vc_column-inner vc_custom_1636567581882\"><div class=\"wpb_wrapper\">[vc_empty_space height=\u00bb60px\u00bb]<div class=\"vc_row wpb_row vc_inner vc_row-fluid\"><div class=\"wpb_column vc_column_container vc_col-sm-4  col-xs-mobile-fullwidth text-center md-text-center sm-text-center xs-text-center\"><div class=\"vc_column-inner \"><div class=\"wpb_wrapper\"><div class=\"featurebox21 pofo-featurebox featurebox21-4\" ><div class=\"display-inline-block margin-25px-bottom sm-margin-15px-bottom xs-margin-10px-bottom\"><img decoding=\"async\" src=\"https:\/\/circle.destinationsbymelia.com\/wp-content\/uploads\/2021\/08\/phone.png\" alt=\"\" class=\"icon-image\"\/><\/div><span class=\"text-extra-dark-gray display-inline-block width-100 text-small font-weight-600 alt-font margin-5px-bottom\">AM\u00c9RICA DEL NORTE<\/span><div class=\"xs-margin-10px-bottom center-col last-paragraph-no-margin width-70 md-width-85 sm-width-50 xs-width-60\"><p style=\"text-align: center;\">Estados Unidos: +1 786 718 1891<br \/>\nCanad\u00e1: +1 613 699 8755<br \/>\nM\u00e9xico: +52 55 5350 9530<br \/>\nPanam\u00e1: +507 838 9278<br \/>\nPuerto Rico: +1 939 475 1816<br \/>\nRep\u00fablica Dominicana: +1 829 954 4113<br \/>\n<span style=\"color: #ffffff;\">D<\/span><\/p>\n<p style=\"text-align: center;\"><strong>LL\u00c1MANOS<\/strong><\/p>\n<\/div><\/div><\/div><\/div><\/div><div class=\"wpb_column vc_column_container vc_col-sm-4  col-xs-mobile-fullwidth text-center md-text-center sm-text-center xs-text-center\"><div class=\"vc_column-inner \"><div class=\"wpb_wrapper\"><div class=\"featurebox21 pofo-featurebox featurebox21-5\" ><div class=\"display-inline-block margin-25px-bottom sm-margin-15px-bottom xs-margin-10px-bottom\"><img decoding=\"async\" src=\"https:\/\/circle.destinationsbymelia.com\/wp-content\/uploads\/2021\/08\/phone.png\" alt=\"\" class=\"icon-image\"\/><\/div><span class=\"text-extra-dark-gray display-inline-block width-100 text-small font-weight-600 alt-font margin-5px-bottom\">AM\u00c9RICA DEL SUR<\/span><div class=\"xs-margin-10px-bottom center-col last-paragraph-no-margin width-70 md-width-85 sm-width-50 xs-width-60\"><p>Argentina: +54 11 2040 2130<br \/>\nBrasil: +55 61 4042 1075<br \/>\nChile: +56 229 381 568<br \/>\nColombia: +57 1 508 4455<br \/>\nPer\u00fa: +51 1 706 4242<br \/>\nVenezuela: +58 212 720 2110<br \/>\n<span style=\"color: #ffffff;\">D<\/span><\/p>\n<p><strong>LL\u00c1MANOS<\/strong><\/p>\n<\/div><\/div><\/div><\/div><\/div><div class=\"wpb_column vc_column_container vc_col-sm-4  col-xs-mobile-fullwidth text-center md-text-center sm-text-center xs-text-center\"><div class=\"vc_column-inner \"><div class=\"wpb_wrapper\"><div class=\"featurebox21 pofo-featurebox featurebox21-6\" ><div class=\"display-inline-block margin-25px-bottom sm-margin-15px-bottom xs-margin-10px-bottom\"><img decoding=\"async\" src=\"https:\/\/circle.destinationsbymelia.com\/wp-content\/uploads\/2021\/08\/phone.png\" alt=\"\" class=\"icon-image\"\/><\/div><span class=\"text-extra-dark-gray display-inline-block width-100 text-small font-weight-600 alt-font margin-5px-bottom\">EUROPA<\/span><div class=\"xs-margin-10px-bottom center-col last-paragraph-no-margin width-70 md-width-85 sm-width-50 xs-width-60\"><p>Alemania: +49 30 3119 3896<br \/>\nEspa\u00f1a: +34 91 198 7403<br \/>\nFrancia: +33 1 8488 4882<br \/>\nItalia: +39 06 9450 1619<br \/>\nPortugal: +351 21 020 1755<br \/>\nReino Unido: +44 20 3808 4132<br \/>\nRusia: + 7 8 800 500 2628<\/p>\n<p><strong>LL\u00c1MANOS<\/strong><\/p>\n<\/div><\/div><\/div><\/div><\/div><\/div>[vc_empty_space height=\u00bb80px\u00bb]<div class=\"vc_row wpb_row vc_inner vc_row-fluid\"><div class=\"wpb_column vc_column_container vc_col-sm-2  col-xs-mobile-fullwidth\"><div class=\"vc_column-inner \"><div class=\"wpb_wrapper\"><\/div><\/div><\/div><div class=\"wpb_column vc_column_container vc_col-sm-3  col-xs-mobile-fullwidth\"><div class=\"vc_column-inner \"><div class=\"wpb_wrapper\">[vc_single_image image=\u00bb23201&#8243; img_size=\u00bb64X64&#8243; alignment=\u00bbright\u00bb onclick=\u00bbcustom_link\u00bb img_link_target=\u00bb_blank\u00bb link=\u00bbhttp:\/\/wa.me\/18296598747&#8243;]<\/div><\/div><\/div><div class=\"wpb_column vc_column_container vc_col-sm-3  col-xs-mobile-fullwidth\"><div class=\"vc_column-inner \"><div class=\"wpb_wrapper\"><div class=\" vc_custom_1636582017976 last-paragraph-no-margin\"><div>\n<h5><strong><a href=\"http:\/\/wa.me\/18296598747\" target=\"_blank\" rel=\"noopener\">+1 829 659 8747<\/a><\/strong><\/h5>\n<\/div>\n<\/div><\/div><\/div><\/div><div class=\"wpb_column vc_column_container vc_col-sm-3  col-xs-mobile-fullwidth\"><div class=\"vc_column-inner \"><div class=\"wpb_wrapper\"><\/div><\/div><\/div><\/div>[vc_empty_space height=\u00bb80px\u00bb]<div class=\"vc_row wpb_row vc_inner vc_row-fluid  vc_custom_1636576870247\"><div class=\"wpb_column vc_column_container vc_col-sm-2 vc_col-lg-3 vc_col-md-3 vc_hidden-xs col-xs-mobile-fullwidth\"><div class=\"vc_column-inner vc_custom_1636576955326\"><div class=\"wpb_wrapper\"><\/div><\/div><\/div><div class=\"wpb_column vc_column_container vc_col-sm-8 vc_col-lg-6 vc_col-md-6 vc_col-xs-12 text-center md-text-center sm-text-center xs-text-center pofo-column-responsive-69e21c713f3ea\"><div class=\"vc_column-inner vc_custom_1636579909564\"><div class=\"wpb_wrapper\"><h5 class=\"text-extra-dark-gray margin-20px-bottom font-weight-600 display-inline-block alt-font text-uppercase heading-style2  heading-4\"  style=\"font-weight: 700;\">Horario de servicio:<\/h5><div class=\"last-paragraph-no-margin\"><p class=\"p1\">Lunes a S\u00e1bado de 8:00 am a 8:00 pm.<br \/>\nTiempo del Este de los Estados Unidos.<br \/>\nNuestras oficinas se encuentran cerradas los domingos.<\/p>\n<\/div>[vc_empty_space height=\u00bb10px\u00bb]<a  href=\"mailto:members.contact@melia.com\" target=\"_self\" class=\"btn pofo-button-2 button-style9  btn-link text-extra-dark-gray text-deep-pink-hover  vc_custom_1636576983432\" >members.contact@melia.com<\/a><\/div><\/div><\/div><div class=\"wpb_column vc_column_container vc_col-sm-2 vc_col-lg-3 vc_col-md-3 vc_hidden-xs col-xs-mobile-fullwidth\"><div class=\"vc_column-inner vc_custom_1636576962132\"><div class=\"wpb_wrapper\"><\/div><\/div><\/div><\/div><\/div><\/div><\/div><\/section><div class=\"vc_row-full-width vc_clearfix\"><\/div><\/p>","protected":false},"excerpt":{"rendered":"[vc_empty_space height=\"90px\"]Servicios al SocioEn Destinations by Meli\u00e1, estamos comprometidos a brindarte el mejor servicio y asistencia. Nuestros asesores de viaje responder\u00e1n todas tus preguntas y solicitudes relacionadas al programa y la membres\u00eda, y te asistir\u00e1n en el uso de tus beneficios de viaje durante la vigencia de la membres\u00eda. [vc_empty_space height=\"60px\"]AM\u00c9RICA DEL NORTEEstados Unidos: +1 786 718 1891 Canad\u00e1: +1 613 699 8755 M\u00e9xico: +52 55 5350 9530 Panam\u00e1: +507 838 9278 Puerto Rico: +1 939 475 1816 Rep\u00fablica Dominicana: +1 829 954 4113 D LL\u00c1MANOS AM\u00c9RICA DEL SURArgentina: +54 11 2040 2130 Brasil: +55 61 4042 1075 Chile: +56 229 381 568 Colombia: +57 1 508 4455 Per\u00fa: +51 1 706 4242 Venezuela: +58 212 720 2110 D LL\u00c1MANOS EUROPAAlemania: +49 30 3119 3896 Espa\u00f1a: +34 91 198 7403 Francia: +33 1 8488 4882 Italia: +39 06 9450 1619 Portugal: +351 21 020 1755 Reino Unido: +44 20 3808 4132 Rusia: + 7 8 800 500 2628 LL\u00c1MANOS [vc_empty_space height=\"80px\"][vc_single_image image=\"23201\" img_size=\"64X64\" alignment=\"right\" onclick=\"custom_link\" img_link_target=\"_blank\" link=\"http:\/\/wa.me\/18296598747\"] +1 829 659 8747 [vc_empty_space height=\"80px\"]Horario de servicio:Lunes a S\u00e1bado de 8:00 am a 8:00 pm. Tiempo del Este de los Estados Unidos. Nuestras oficinas se encuentran cerradas los domingos. [vc_empty_space height=\"10px\"]members.contact@melia.com","protected":false},"author":1,"featured_media":0,"parent":0,"menu_order":0,"comment_status":"closed","ping_status":"closed","template":"","meta":{"footnotes":""},"class_list":["post-22475","page","type-page","status-publish","hentry"],"_links":{"self":[{"href":"https:\/\/circle.destinationsbymelia.com\/es\/wp-json\/wp\/v2\/pages\/22475","targetHints":{"allow":["GET"]}}],"collection":[{"href":"https:\/\/circle.destinationsbymelia.com\/es\/wp-json\/wp\/v2\/pages"}],"about":[{"href":"https:\/\/circle.destinationsbymelia.com\/es\/wp-json\/wp\/v2\/types\/page"}],"author":[{"embeddable":true,"href":"https:\/\/circle.destinationsbymelia.com\/es\/wp-json\/wp\/v2\/users\/1"}],"replies":[{"embeddable":true,"href":"https:\/\/circle.destinationsbymelia.com\/es\/wp-json\/wp\/v2\/comments?post=22475"}],"version-history":[{"count":49,"href":"https:\/\/circle.destinationsbymelia.com\/es\/wp-json\/wp\/v2\/pages\/22475\/revisions"}],"predecessor-version":[{"id":23206,"href":"https:\/\/circle.destinationsbymelia.com\/es\/wp-json\/wp\/v2\/pages\/22475\/revisions\/23206"}],"wp:attachment":[{"href":"https:\/\/circle.destinationsbymelia.com\/es\/wp-json\/wp\/v2\/media?parent=22475"}],"curies":[{"name":"wp","href":"https:\/\/api.w.org\/{rel}","templated":true}]}}