{"id":22540,"date":"2021-08-24T14:14:14","date_gmt":"2021-08-24T19:14:14","guid":{"rendered":"https:\/\/circle.destinationsbymelia.com\/?page_id=22540"},"modified":"2023-04-20T10:20:11","modified_gmt":"2023-04-20T15:20:11","slug":"destinations-global","status":"publish","type":"page","link":"https:\/\/circle.destinationsbymelia.com\/es\/destinations-global\/","title":{"rendered":"Destinations Global"},"content":{"rendered":"<p><section data-vc-full-width=\"true\" data-vc-full-width-init=\"false\" class=\"vc_row wpb_row vc_row-fluid  vc_custom_1629996407921 cover-background wow fadeIn vc_row-has-fill pofo-stretch-content pofo-stretch-row-container vc_row-o-full-height vc_row-o-columns-middle vc_row-o-content-middle vc_row-flex\"><div class=\"bg-extra-dark-gray bg-overlay\" style=\"opacity:0.2; \"><\/div><div class=\"wpb_column vc_column_container vc_col-sm-1 vc_col-lg-2 vc_col-md-1 vc_hidden-xs col-xs-mobile-fullwidth\"><div class=\"vc_column-inner \"><div class=\"wpb_wrapper\"><\/div><\/div><\/div><div class=\"wpb_column vc_column_container vc_col-sm-10 vc_col-lg-8 vc_col-md-10 vc_col-xs-12 text-center\"><div class=\"vc_column-inner \"><div class=\"wpb_wrapper\"><span class=\"margin-100px-bottom xs-margin-40px-bottom font-weight-600 xs-letter-spacing-0 display-inline-block alt-font text-extra-small text-outside-line text-none heading-style5  vc_custom_1629905473811 pofo-button-responsive-69e2264d75094  heading-8\"  style=\"letter-spacing: 3px; font-weight: 500; color: #ffffff;\">Destinations by Meli\u00e1<\/span><h2 class=\"text-extra-dark-gray margin-20px-bottom font-weight-600 display-inline-block alt-font heading-style2  vc_custom_1629931253772 pofo-button-responsive-69e2264d750d2  heading-9\"  style=\"color: #ffffff;\">Presencia Mundial de Meli\u00e1 Hotels International<\/h2><\/div><\/div><\/div><div class=\"wpb_column vc_column_container vc_col-sm-1 vc_col-lg-2 vc_col-md-1 vc_hidden-xs col-xs-mobile-fullwidth\"><div class=\"vc_column-inner \"><div class=\"wpb_wrapper\"><\/div><\/div><\/div><div class=\"down-section text-center down-section-style-2\">\n\t\t                                <a href=\"#down-section\" class=\"down-section-link\"><i class=\"text-white bg-deep-pink padding-15px-all xs-padding-10px-all border-radius-100  ti-arrow-down icon-extra-small\" style=\"\"><\/i><\/a>\n\t\t                            <\/div><\/section><div class=\"vc_row-full-width vc_clearfix\"><\/div><section id=\"down-section\" class=\"vc_row wpb_row vc_row-fluid  vc_custom_1629835944605\"><div class=\"wpb_column vc_column_container vc_col-sm-12  col-xs-mobile-fullwidth\"><div class=\"vc_column-inner \"><div class=\"wpb_wrapper\">[vc_empty_space height=\u00bb90px\u00bb]<\/div><\/div><\/div><\/section><section data-vc-full-width=\"true\" data-vc-full-width-init=\"false\" class=\"vc_row wpb_row vc_row-fluid  vc_custom_1629836072683 pofo-stretch-content pofo-stretch-row-container vc_row-o-equal-height vc_row-o-content-middle vc_row-flex\"><div class=\"wpb_column vc_column_container vc_col-sm-12 vc_col-lg-6 vc_col-md-6 vc_col-xs-12 wow fadeIn sm-text-center pofo-column-responsive-69e2264d751f1\"><div class=\"vc_column-inner vc_custom_1509973971935\"><div class=\"wpb_wrapper\"><div class=\"font-weight-500 text-uppercase d-inline-block text-small alt-font heading-style6  vc_custom_1629922337604 pofo-button-responsive-69e2264d75242  heading-10\"  style=\"width: 90%; font-weight: 300;\"><span class=\"text-outside-line-left\">Bienvenido a Meli\u00e1 Hotels international<\/span><\/div><h5 class=\"text-extra-dark-gray margin-20px-bottom font-weight-600 display-inline-block alt-font text-uppercase heading-style2  vc_custom_1629922782788 pofo-button-responsive-69e2264d75270  heading-11\"  style=\"font-weight: 700;\">Posicionamiento Global<\/h5><div class=\" vc_custom_1629922792902 last-paragraph-no-margin pofo-text-block-responsive-69e2264d75291\" style=\"width: 90%;\"><p>Meli\u00e1 Hotels International es \u00fanico entre los 20 mayores grupos hoteleros internacionales por tener un origen en el descanso, tiene el tama\u00f1o ideal para combinar una hospitalidad excepcional con una gesti\u00f3n eficiente y cercana a sus clientes. Todo esto, junto con nuestra calidez y pasi\u00f3n espa\u00f1ola, nos hace \u00fanicos y diferentes.<\/p>\n<\/div><\/div><\/div><\/div><div class=\"wpb_column vc_column_container vc_col-sm-12 vc_col-md-6 col-xs-mobile-fullwidth\"><div class=\"vc_column-inner \"><div class=\"wpb_wrapper\"><div class=\"skillbar-bar-main  skillbar-bar-style2\"><div class=\"skillbar margin-45px-bottom\" data-percent=\"40%\" ><span class=\"skill-bar-text text-extra-small text-dark-gray text-uppercase\" style=\"font-size: 15px; font-weight: 700;\" data-fontsize=\"15px\">Ciudad<\/span><p class=\"skillbar-bar\"><\/p><span class=\"skill-bar-percent text-small\"><\/span><\/div><div class=\"skillbar margin-45px-bottom\" data-percent=\"60%\" ><span class=\"skill-bar-text text-extra-small text-dark-gray text-uppercase\" style=\"font-size: 15px; font-weight: 700;\" data-fontsize=\"15px\">Vacacional<\/span><p class=\"skillbar-bar\"><\/p><span class=\"skill-bar-percent text-small\"><\/span><\/div><\/div><\/div><\/div><\/div><\/section><div class=\"vc_row-full-width vc_clearfix\"><\/div><section id=\"down-section\" class=\"vc_row wpb_row vc_row-fluid  vc_custom_1629835944605\"><div class=\"wpb_column vc_column_container vc_col-sm-12  col-xs-mobile-fullwidth\"><div class=\"vc_column-inner \"><div class=\"wpb_wrapper\">[vc_empty_space height=\u00bb90px\u00bb]<\/div><\/div><\/div><\/section><section data-vc-full-width=\"true\" data-vc-full-width-init=\"false\" class=\"vc_row wpb_row vc_row-fluid  vc_custom_1629836516008 bg-position-right-center wow fadeIn vc_row-has-fill pofo-stretch-content pofo-stretch-row-container pofo-row-responsive-69e2264d753dc\"><div class=\"wpb_column vc_column_container vc_col-sm-3 vc_col-md-3 vc_col-xs-12 wow zoomIn text-center pofo-column-responsive-69e2264d75429\"><div class=\"vc_column-inner \"><div class=\"wpb_wrapper\"><\/div><\/div><\/div><div class=\"wpb_column vc_column_container vc_col-sm-3 vc_col-md-3 vc_col-xs-12 wow fadeIn text-center pofo-column-responsive-69e2264d75466\" data-wow-delay= 200ms><div class=\"vc_column-inner vc_custom_1629910474046\"><div class=\"wpb_wrapper\"><div class=\"counter-style counter-style3 counter-style3-3\"><h5 data-postfix=\"\" data-to=\"347\" data-speed=\"2000\" class=\"text-extra-dark-gray font-weight-500 no-margin timer alt-font\"  style=\"font-size: 40px; line-height: 60px; font-weight: 300; color: #5a3f7c;\" data-fontsize=\"40px\" data-lineheight=\"60px\">347<\/h5><span class=\"display-block margin-three-bottom\" style=\"font-size: 20px; line-height: 14px; font-weight: 600;\" data-fontsize=\"20px\" data-lineheight=\"14px\">HOTELES<\/span><div class=\"separator-line-verticle-large bg-deep-pink display-inline-block\" style=\"background-color:#5a3f7c; \"><\/div><\/div><\/div><\/div><\/div><div class=\"wpb_column vc_column_container vc_col-sm-3 vc_col-md-3 vc_col-xs-12 wow fadeIn text-center pofo-column-responsive-69e2264d75500\" data-wow-delay= 400ms><div class=\"vc_column-inner vc_custom_1629910482859\"><div class=\"wpb_wrapper\"><div class=\"counter-style counter-style3 counter-style3-4\"><h5 data-postfix=\",916\" data-to=\"90\" data-speed=\"2000\" class=\"text-extra-dark-gray font-weight-500 no-margin timer\"  style=\"font-size: 40px; line-height: 60px; font-weight: 300; color: #5a3f7c;\" data-fontsize=\"40px\" data-lineheight=\"60px\">90,916<\/h5><span class=\"display-block margin-three-bottom\" style=\"font-size: 20px; line-height: 14px; font-weight: 500;\" data-fontsize=\"20px\" data-lineheight=\"14px\">HABITACIONES<\/span><div class=\"separator-line-verticle-large bg-deep-pink display-inline-block\" style=\"background-color:#5a3f7c; \"><\/div><\/div><\/div><\/div><\/div><div class=\"wpb_column vc_column_container vc_col-sm-3 vc_col-md-3 vc_col-xs-12 wow zoomIn text-center\" data-wow-delay= 600ms><div class=\"vc_column-inner \"><div class=\"wpb_wrapper\"><\/div><\/div><\/div><\/section><div class=\"vc_row-full-width vc_clearfix\"><\/div><section class=\"vc_row wpb_row vc_row-fluid  vc_custom_1629838309706\"><div class=\"wpb_column vc_column_container vc_col-sm-12  col-xs-mobile-fullwidth\"><div class=\"vc_column-inner \"><div class=\"wpb_wrapper\">[vc_empty_space height=\u00bb50px\u00bb]<\/div><\/div><\/div><\/section><section class=\"vc_row wpb_row vc_row-fluid  vc_custom_1629900531822\"><div class=\"wpb_column vc_column_container vc_col-sm-4  col-xs-mobile-fullwidth wow fadeIn text-center md-text-center sm-text-center xs-text-center\" data-wow-delay= 300ms><div class=\"vc_column-inner \"><div class=\"wpb_wrapper\"><div class=\"featurebox14 pofo-featurebox  vc_custom_1629923262444 pofo-feature-box-responsive-69e2264d756d3 feature-box-14 padding-fifteen-all sm-padding-50px-all xs-padding-30px-all featurebox14-4\"><h2 class=\"text-light-gray alt-font letter-spacing-minus-3 margin-10px-bottom\" style=\"color:#5a3f7c; \">1\u00b0<\/h2><span class=\"display-block alt-font text-medium text-extra-dark-gray margin-10px-bottom xs-margin-5px-bottom\">Grupo Hotelero en Espa\u00f1a<\/span><\/div><\/div><\/div><\/div><div class=\"wpb_column vc_column_container vc_col-sm-4  col-xs-mobile-fullwidth wow fadeIn text-center md-text-center sm-text-center xs-text-center\" data-wow-delay= 200ms><div class=\"vc_column-inner \"><div class=\"wpb_wrapper\"><div class=\"featurebox14 pofo-featurebox  vc_custom_1629923256244 pofo-feature-box-responsive-69e2264d75783 feature-box-14 padding-fifteen-all sm-padding-50px-all xs-padding-30px-all featurebox14-5\"><h2 class=\"text-light-gray alt-font letter-spacing-minus-3 margin-10px-bottom\" style=\"color:#5a3f7c; \">3\u00b0<\/h2><span class=\"display-block alt-font text-medium text-extra-dark-gray margin-10px-bottom xs-margin-5px-bottom\">En Europa<\/span><div class=\"last-paragraph-no-margin\"><p>.<\/p>\n<\/div><\/div><\/div><\/div><\/div><div class=\"wpb_column vc_column_container vc_col-sm-4  col-xs-mobile-fullwidth wow fadeIn text-center md-text-center sm-text-center xs-text-center\" data-wow-delay= 100ms><div class=\"vc_column-inner \"><div class=\"wpb_wrapper\"><div class=\"featurebox14 pofo-featurebox  vc_custom_1682004009161 pofo-feature-box-responsive-69e2264d75842 feature-box-14 padding-fifteen-all sm-padding-50px-all xs-padding-30px-all featurebox14-6\"><h2 class=\"text-light-gray alt-font letter-spacing-minus-3 margin-10px-bottom\" style=\"color:#5a3f7c; \">19\u00b0<\/h2><span class=\"display-block alt-font text-medium text-extra-dark-gray margin-10px-bottom xs-margin-5px-bottom\">En el mundo<\/span><\/div><\/div><\/div><\/div><\/section><section class=\"vc_row wpb_row vc_row-fluid  vc_custom_1629836056367\"><div class=\"wpb_column vc_column_container vc_col-sm-12  col-xs-mobile-fullwidth\"><div class=\"vc_column-inner \"><div class=\"wpb_wrapper\">[vc_empty_space height=\u00bb100px\u00bb]<\/div><\/div><\/div><\/section><section data-vc-full-width=\"true\" data-vc-full-width-init=\"false\" data-parallax-background-ratio=\"0.5\" class=\"vc_row wpb_row vc_row-fluid  vc_custom_1630011111172 vc_row-has-fill pofo-stretch-content pofo-stretch-row-container parallax\"><div class=\"wpb_column vc_column_container vc_col-sm-12  col-xs-mobile-fullwidth\"><div class=\"vc_column-inner \"><div class=\"wpb_wrapper\"><div class=\"vc_row wpb_row vc_inner vc_row-fluid   vc_row-o-equal-height vc_row-flex\"><div class=\"wpb_column vc_column_container vc_col-sm-6 vc_col-md-3 vc_col-xs-12 wow fadeInUp text-center pofo-column-responsive-69e2264d75a94\"><div class=\"vc_column-inner \"><div class=\"wpb_wrapper\"><div class=\"featurebox8 pofo-featurebox  vc_custom_1658431197205 pofo-feature-box-responsive-69e2264d75b33 box-shadow-light feature-box-8  position-relative overflow-hidden z-index-5 padding-twelve-all md-padding-six-all xs-padding-15px-lr featurebox8-5\" ><div class=\"alt-font text-extra-dark-gray font-weight-600 margin-10px-bottom sm-margin-5px-bottom\" style=\"font-size: 25px; font-weight: 600; color: #5a3f7c;\" data-fontsize=\"25px\">Am\u00e9rica<\/div><div class=\"center-col last-paragraph-no-margin\"><p style=\"text-align: center;\"><span style=\"color: #5a3f7c;\">____________<\/span><strong><br \/>\n12<br \/>\n<\/strong>Pa\u00edses<br \/>\n<span style=\"color: #5a3f7c;\">____________<\/span><\/p>\n<p style=\"text-align: center;\"><strong>73<br \/>\n<\/strong>Hoteles<br \/>\n<span style=\"color: #5a3f7c;\">____________<\/span><\/p>\n<p style=\"text-align: center;\"><strong>26,498<\/strong><br \/>\nHabitaciones<br \/>\n<span style=\"color: #5a3f7c;\">____________<\/span><\/p>\n<\/div><div class=\"feature-box-overlay bg-deep-pink\" style=\"\"><\/div><\/div><\/div><\/div><\/div><div class=\"wpb_column vc_column_container vc_col-sm-6 vc_col-md-3 vc_col-xs-12 wow fadeInUp text-center pofo-column-responsive-69e2264d75bcb\" data-wow-delay= 200ms><div class=\"vc_column-inner \"><div class=\"wpb_wrapper\"><div class=\"featurebox8 pofo-featurebox  vc_custom_1658431225796 pofo-feature-box-responsive-69e2264d75c72 box-shadow-light feature-box-8  position-relative overflow-hidden z-index-5 padding-twelve-all md-padding-six-all xs-padding-15px-lr featurebox8-6\" ><div class=\"alt-font text-extra-dark-gray font-weight-600 margin-10px-bottom sm-margin-5px-bottom\" style=\"font-size: 25px; font-weight: 600; color: #5a3f7c;\" data-fontsize=\"25px\">Espa\u00f1a<\/div><div class=\"center-col last-paragraph-no-margin\"><p style=\"text-align: center;\"><span style=\"color: #5a3f7c;\">____________<\/span><strong><br \/>\n1<br \/>\n<\/strong>Pa\u00eds<br \/>\n<span style=\"color: #5a3f7c;\">____________<\/span><\/p>\n<p style=\"text-align: center;\"><strong>137<br \/>\n<\/strong>Hoteles<br \/>\n<span style=\"color: #5a3f7c;\">____________<\/span><\/p>\n<p style=\"text-align: center;\"><strong>33,535<\/strong><br \/>\nHabitaciones<br \/>\n<span style=\"color: #5a3f7c;\">____________<\/span><\/p>\n<\/div><div class=\"feature-box-overlay bg-deep-pink\" style=\"\"><\/div><\/div><\/div><\/div><\/div><div class=\"wpb_column vc_column_container vc_col-sm-6 vc_col-md-3 vc_col-xs-12 md-clear-both wow fadeInUp text-center pofo-column-responsive-69e2264d75cf8\" data-wow-delay= 400ms data-clear-both=\"md-clear-both\"><div class=\"vc_column-inner \"><div class=\"wpb_wrapper\"><div class=\"featurebox8 pofo-featurebox  vc_custom_1658431254781 pofo-feature-box-responsive-69e2264d75d98 box-shadow-light feature-box-8  position-relative overflow-hidden z-index-5 padding-twelve-all md-padding-six-all xs-padding-15px-lr featurebox8-7\" ><div class=\"alt-font text-extra-dark-gray font-weight-600 margin-10px-bottom sm-margin-5px-bottom\" style=\"font-size: 25px; font-weight: 600; color: #5a3f7c;\" data-fontsize=\"25px\">Europa, Oriente Medio y \u00c1frica<\/div><div class=\"center-col last-paragraph-no-margin\"><p style=\"text-align: center;\"><span style=\"color: #5a3f7c;\">____________<\/span><strong><br \/>\n22<br \/>\n<\/strong>Pa\u00edses<br \/>\n<span style=\"color: #5a3f7c;\">____________<\/span><\/p>\n<p style=\"text-align: center;\"><strong>118<br \/>\n<\/strong>Hoteles<br \/>\n<span style=\"color: #5a3f7c;\">____________<\/span><\/p>\n<p style=\"text-align: center;\"><strong>26,825<\/strong><br \/>\nHabitaciones<br \/>\n<span style=\"color: #5a3f7c;\">____________<\/span><\/p>\n<\/div><div class=\"feature-box-overlay bg-deep-pink\" style=\"\"><\/div><\/div><\/div><\/div><\/div><div class=\"wpb_column vc_column_container vc_col-sm-6 vc_col-md-3 vc_col-xs-12 wow fadeInUp text-center\" data-wow-delay= 600ms><div class=\"vc_column-inner \"><div class=\"wpb_wrapper\"><div class=\"featurebox8 pofo-featurebox  vc_custom_1658431274277 pofo-feature-box-responsive-69e2264d75e98 box-shadow-light feature-box-8  position-relative overflow-hidden z-index-5 padding-twelve-all md-padding-six-all xs-padding-15px-lr featurebox8-8\" ><div class=\"alt-font text-extra-dark-gray font-weight-600 margin-10px-bottom sm-margin-5px-bottom\" style=\"font-size: 25px; font-weight: 600; color: #5a3f7c;\" data-fontsize=\"25px\">Asia Pac\u00edfico<\/div><div class=\"center-col last-paragraph-no-margin\"><p style=\"text-align: center;\"><span style=\"color: #5a3f7c;\">____________<\/span><strong><br \/>\n6<br \/>\n<\/strong>Pa\u00edses<br \/>\n<span style=\"color: #5a3f7c;\">____________<\/span><\/p>\n<p style=\"text-align: center;\"><strong>40<br \/>\n<\/strong>Hoteles<br \/>\n<span style=\"color: #5a3f7c;\">____________<\/span><\/p>\n<p style=\"text-align: center;\"><strong>9,294<\/strong><br \/>\nHabitaciones<br \/>\n<span style=\"color: #5a3f7c;\">____________<\/span><\/p>\n<\/div><div class=\"feature-box-overlay bg-deep-pink\" style=\"\"><\/div><\/div><\/div><\/div><\/div><\/div><\/div><\/div><\/div><\/section><div class=\"vc_row-full-width vc_clearfix\"><\/div><section class=\"vc_row wpb_row vc_row-fluid  vc_custom_1629836056367\"><div class=\"wpb_column vc_column_container vc_col-sm-12  col-xs-mobile-fullwidth\"><div class=\"vc_column-inner \"><div class=\"wpb_wrapper\">[vc_empty_space height=\u00bb90px\u00bb]<\/div><\/div><\/div><\/section><section data-vc-full-width=\"true\" data-vc-full-width-init=\"false\" class=\"vc_row wpb_row vc_row-fluid  vc_custom_1630007086198 wow fadeIn pofo-stretch-content pofo-stretch-row-container vc_row-o-equal-height vc_row-o-content-middle vc_row-flex\"><div class=\"wpb_column vc_column_container vc_col-sm-12 vc_col-lg-6 vc_col-md-6 vc_col-xs-12 text-center pofo-column-responsive-69e2264d76026\"><div class=\"vc_column-inner cover-background vc_custom_1630013584074\"><div class=\"wpb_wrapper\">[vc_single_image image=\u00bb22622&#8243; img_size=\u00bblarge\u00bb alignment=\u00bbcenter\u00bb]<\/div><\/div><\/div><div class=\"wpb_column vc_column_container vc_col-sm-12 vc_col-lg-6 vc_col-md-6 vc_col-xs-12 sm-text-center pofo-column-responsive-69e2264d7608d\"><div class=\"vc_column-inner vc_custom_1509011262461\"><div class=\"wpb_wrapper\"><h5 class=\"text-extra-dark-gray margin-20px-bottom font-weight-600 display-inline-block alt-font heading-style2  heading-12\"  style=\"font-weight: 500;\">Nuestra Historia<\/h5><div class=\"last-paragraph-no-margin pofo-text-block-responsive-69e2264d760ed\" style=\"width: 90%;\"><p>Nuestra historia es un emocionante viaje que iniciamos en 1956 bajo el liderazgo de Gabriel Escarrer, pionero del Turismo en Espa\u00f1a. La historia de Meli\u00e1 Hotels International nos habla de una visi\u00f3n, una familia, y una pasi\u00f3n: la visi\u00f3n de su fundador, respaldada por una familia con s\u00f3lidos valores que sustentan una empresa responsable, y la pasi\u00f3n por el servicio, y por ofrecer al cliente las mejores experiencias en hoteler\u00eda.<\/p>\n<\/div><\/div><\/div><\/div><\/section><div class=\"vc_row-full-width vc_clearfix\"><\/div><section class=\"vc_row wpb_row vc_row-fluid  vc_custom_1629836056367\"><div class=\"wpb_column vc_column_container vc_col-sm-12  col-xs-mobile-fullwidth\"><div class=\"vc_column-inner \"><div class=\"wpb_wrapper\">[vc_empty_space height=\u00bb70px\u00bb]<\/div><\/div><\/div><\/section><section data-vc-full-width=\"true\" data-vc-full-width-init=\"false\" data-vc-stretch-content=\"true\" class=\"vc_row wpb_row vc_row-fluid  vc_custom_1629902730781 pofo-stretch-content\"><div class=\"wpb_column vc_column_container vc_col-sm-12  col-xs-mobile-fullwidth\"><div class=\"vc_column-inner \"><div class=\"wpb_wrapper\"><div class=\"vc_row wpb_row vc_inner vc_row-fluid\"><div class=\"wpb_column vc_column_container vc_col-sm-12  col-xs-mobile-fullwidth text-center md-text-center sm-text-center xs-text-center\"><div class=\"vc_column-inner \"><div class=\"wpb_wrapper\">[vc_empty_space height=\u00bb60px\u00bb]<h5 class=\"text-extra-dark-gray margin-20px-bottom font-weight-600 display-inline-block alt-font text-uppercase heading-style2  vc_custom_1629923519122 pofo-button-responsive-69e2264d7628d  heading-13\"  style=\"font-weight: 700; color: #5a3f7c;\">M\u00e1s de 60 a\u00f1os de historia<\/h5><\/div><\/div><\/div><\/div>[vc_single_image image=\u00bb23166&#8243; img_size=\u00bbfull\u00bb add_caption=\u00bbyes\u00bb alignment=\u00bbcenter\u00bb css_animation=\u00bbfadeIn\u00bb css=\u00bb.vc_custom_1632434481979{margin-top: 0px !important;margin-bottom: 0px !important;padding-top: 0px !important;padding-bottom: 0px !important;}\u00bb]<\/div><\/div><\/div><\/section><div class=\"vc_row-full-width vc_clearfix\"><\/div><section data-vc-full-width=\"true\" data-vc-full-width-init=\"false\" data-parallax-background-ratio=\"0.5\" class=\"vc_row wpb_row vc_row-fluid  vc_custom_1629914365443 wow fadeIn vc_row-has-fill pofo-stretch-content pofo-stretch-row-container vc_row-o-content-middle vc_row-flex parallax pofo-row-responsive-69e2264d762ea\"><div class=\"bg-extra-dark-gray bg-overlay\" style=\"opacity:0.1; \"><\/div><div class=\"wpb_column vc_column_container vc_col-sm-12 vc_col-md-12 col-xs-mobile-fullwidth wow slideInUp text-center\"><div class=\"vc_column-inner \"><div class=\"wpb_wrapper\"><span class=\"text-extra-large margin-25px-bottom vertical-align-middle display-inline-block alt-font heading-style3  vc_custom_1629926661649 pofo-button-responsive-69e2264d7637e  heading-14\"  style=\"color: #ffffff;\">Estaremos encantados de atenderte<\/span><a  href=\"https:\/\/circle.destinationsbymelia.com\/destination-contact\/\" target=\"_self\" class=\"btn pofo-button-2 button-style6  btn-white btn-rounded  btn-small  pofo-button-responsive-69e2264d763b2\" >Cont\u00e1ctanos<\/a><\/div><\/div><\/div><\/section><div class=\"vc_row-full-width vc_clearfix\"><\/div><section class=\"vc_row wpb_row vc_row-fluid  vc_custom_1629836056367\"><div class=\"wpb_column vc_column_container vc_col-sm-12  col-xs-mobile-fullwidth\"><div class=\"vc_column-inner \"><div class=\"wpb_wrapper\">[vc_empty_space height=\u00bb60px\u00bb]<\/div><\/div><\/div><\/section><\/p>","protected":false},"excerpt":{"rendered":"Destinations by Meli\u00e1Presencia Mundial de Meli\u00e1 Hotels International [vc_empty_space height=\"90px\"]Bienvenido a Meli\u00e1 Hotels internationalPosicionamiento GlobalMeli\u00e1 Hotels International es \u00fanico entre los 20 mayores grupos hoteleros internacionales por tener un origen en el descanso, tiene el tama\u00f1o ideal para combinar una hospitalidad excepcional con una gesti\u00f3n eficiente y cercana a sus clientes. Todo esto, junto con nuestra calidez y pasi\u00f3n espa\u00f1ola, nos hace \u00fanicos y diferentes. CiudadVacacional[vc_empty_space height=\"90px\"]347HOTELES90,916HABITACIONES[vc_empty_space height=\"50px\"]1\u00b0Grupo Hotelero en Espa\u00f1a3\u00b0En Europa. 19\u00b0En el mundo[vc_empty_space height=\"100px\"]Am\u00e9rica____________ 12 Pa\u00edses ____________ 73 Hoteles ____________ 26,498 Habitaciones ____________ Espa\u00f1a____________ 1 Pa\u00eds ____________ 137 Hoteles ____________ 33,535 Habitaciones ____________ Europa, Oriente Medio y \u00c1frica____________ 22 Pa\u00edses ____________ 118 Hoteles ____________ 26,825 Habitaciones ____________ Asia Pac\u00edfico____________ 6 Pa\u00edses ____________ 40 Hoteles ____________ 9,294 Habitaciones ____________ [vc_empty_space height=\"90px\"][vc_single_image image=\"22622\" img_size=\"large\" alignment=\"center\"]Nuestra HistoriaNuestra historia es un emocionante viaje que iniciamos en 1956 bajo el liderazgo de Gabriel Escarrer, pionero del Turismo en Espa\u00f1a. La historia de Meli\u00e1 Hotels International nos habla de una visi\u00f3n, una familia, y una pasi\u00f3n: la visi\u00f3n de su fundador, respaldada por una familia con s\u00f3lidos valores que sustentan una empresa responsable, y la pasi\u00f3n por el servicio, y por ofrecer al cliente las mejores experiencias en hoteler\u00eda. [vc_empty_space height=\"70px\"][vc_empty_space height=\"60px\"]M\u00e1s de 60...","protected":false},"author":1,"featured_media":0,"parent":0,"menu_order":0,"comment_status":"closed","ping_status":"closed","template":"","meta":{"footnotes":""},"class_list":["post-22540","page","type-page","status-publish","hentry"],"_links":{"self":[{"href":"https:\/\/circle.destinationsbymelia.com\/es\/wp-json\/wp\/v2\/pages\/22540","targetHints":{"allow":["GET"]}}],"collection":[{"href":"https:\/\/circle.destinationsbymelia.com\/es\/wp-json\/wp\/v2\/pages"}],"about":[{"href":"https:\/\/circle.destinationsbymelia.com\/es\/wp-json\/wp\/v2\/types\/page"}],"author":[{"embeddable":true,"href":"https:\/\/circle.destinationsbymelia.com\/es\/wp-json\/wp\/v2\/users\/1"}],"replies":[{"embeddable":true,"href":"https:\/\/circle.destinationsbymelia.com\/es\/wp-json\/wp\/v2\/comments?post=22540"}],"version-history":[{"count":106,"href":"https:\/\/circle.destinationsbymelia.com\/es\/wp-json\/wp\/v2\/pages\/22540\/revisions"}],"predecessor-version":[{"id":23416,"href":"https:\/\/circle.destinationsbymelia.com\/es\/wp-json\/wp\/v2\/pages\/22540\/revisions\/23416"}],"wp:attachment":[{"href":"https:\/\/circle.destinationsbymelia.com\/es\/wp-json\/wp\/v2\/media?parent=22540"}],"curies":[{"name":"wp","href":"https:\/\/api.w.org\/{rel}","templated":true}]}}